{"id":823,"date":"2020-03-06T13:13:46","date_gmt":"2020-03-06T12:13:46","guid":{"rendered":"https:\/\/ketten-kappler.de\/production\/"},"modified":"2024-01-26T13:09:34","modified_gmt":"2024-01-26T12:09:34","slug":"production","status":"publish","type":"page","link":"https:\/\/ketten-kappler.de\/en\/production\/","title":{"rendered":"Production"},"content":{"rendered":"<p>[et_pb_section fb_built=&#8221;1&#8243; fullwidth=&#8221;on&#8221; _builder_version=&#8221;4.16&#8243; locked=&#8221;off&#8221; global_colors_info=&#8221;{}&#8221;][et_pb_fullwidth_image src=&#8221;https:\/\/ketten-kappler.de\/wp-content\/uploads\/2019\/11\/kappler-ketten_sliderbild.jpg&#8221; _builder_version=&#8221;4.16&#8243; global_colors_info=&#8221;{}&#8221;][\/et_pb_fullwidth_image][\/et_pb_section][et_pb_section fb_built=&#8221;1&#8243; _builder_version=&#8221;4.16&#8243; custom_padding=&#8221;||14px|||&#8221; global_colors_info=&#8221;{}&#8221;][et_pb_row column_structure=&#8221;1_5,3_5,1_5&#8243; _builder_version=&#8221;4.16&#8243; background_size=&#8221;initial&#8221; background_position=&#8221;top_left&#8221; background_repeat=&#8221;repeat&#8221; global_colors_info=&#8221;{}&#8221;][et_pb_column type=&#8221;1_5&#8243; _builder_version=&#8221;4.16&#8243; custom_padding=&#8221;|||&#8221; global_colors_info=&#8221;{}&#8221; custom_padding__hover=&#8221;|||&#8221;][\/et_pb_column][et_pb_column type=&#8221;3_5&#8243; _builder_version=&#8221;4.16&#8243; custom_padding=&#8221;|||&#8221; global_colors_info=&#8221;{}&#8221; custom_padding__hover=&#8221;|||&#8221;][et_pb_text _builder_version=&#8221;4.24.0&#8243; background_size=&#8221;initial&#8221; background_position=&#8221;top_left&#8221; background_repeat=&#8221;repeat&#8221; hover_enabled=&#8221;0&#8243; global_colors_info=&#8221;{}&#8221; sticky_enabled=&#8221;0&#8243;]<\/p>\n<h1 style=\"text-align: center;\">Production at HK Chains<\/h1>\n<p>[\/et_pb_text][et_pb_text _builder_version=&#8221;4.16&#8243; background_size=&#8221;initial&#8221; background_position=&#8221;top_left&#8221; background_repeat=&#8221;repeat&#8221; global_colors_info=&#8221;{}&#8221;]<\/p>\n<p style=\"text-align: center;\">High quality and fastest possible delivery &#8211; so that our customers can rely on it, we produce our chains mainly in our headquarters in Idar-Oberstein Germany. This gives them flexibility and supports them in their creativity. In our production we combine our decades of experience with modern technologies and the know-how of our qualified employees.<\/p>\n<p>[\/et_pb_text][\/et_pb_column][et_pb_column type=&#8221;1_5&#8243; _builder_version=&#8221;4.16&#8243; custom_padding=&#8221;|||&#8221; global_colors_info=&#8221;{}&#8221; custom_padding__hover=&#8221;|||&#8221;][\/et_pb_column][\/et_pb_row][\/et_pb_section][et_pb_section fb_built=&#8221;1&#8243; prev_background_color=&#8221;#ffffff&#8221; next_background_color=&#8221;#ffffff&#8221; _builder_version=&#8221;4.16&#8243; background_color=&#8221;#d4e0f9&#8243; top_divider_style=&#8221;arrow3&#8243; bottom_divider_style=&#8221;arrow3&#8243; global_colors_info=&#8221;{}&#8221;][et_pb_row column_structure=&#8221;1_5,3_5,1_5&#8243; _builder_version=&#8221;4.16&#8243; custom_padding=&#8221;61px||45px|||&#8221; global_colors_info=&#8221;{}&#8221;][et_pb_column type=&#8221;1_5&#8243; _builder_version=&#8221;4.16&#8243; global_colors_info=&#8221;{}&#8221;][\/et_pb_column][et_pb_column type=&#8221;3_5&#8243; _builder_version=&#8221;4.16&#8243; global_colors_info=&#8221;{}&#8221;][et_pb_blurb title=&#8221;Chains made of gold, silver, rolled gold, brass\/tombak&#8221; use_icon=&#8221;on&#8221; font_icon=&#8221;&#xe02c;||divi||400&#8243; icon_color=&#8221;#ffffff&#8221; image_icon_background_color=&#8221;#005193&#8243; image_icon_width=&#8221;48px&#8221; _builder_version=&#8221;4.16&#8243; header_text_align=&#8221;center&#8221; image_icon_custom_padding=&#8221;25px|25px|25px|25px|false|false&#8221; width=&#8221;117.7%&#8221; custom_margin=&#8221;|-61px||-62px||&#8221; border_radii_image=&#8221;on|100%|100%|100%|100%&#8221; use_circle=&#8221;on&#8221; global_colors_info=&#8221;{}&#8221; image_icon_background_color__sticky_enabled=&#8221;#005193&#8243; image_icon_background_color__sticky=&#8221;#005193&#8243;]<\/p>\n<p style=\"text-align: center;\">Our chains are available in any desired length: as chain by meter, as necklaces, as bracelets, anklets, watch chains and much more. We are also happy to work according to your designs. In addition to gold and silver chains, we also manufacture in rolled gold or brass\/tombak, according to your requirements. We will be happy to advise you on the various materials. We also offer you different galvanic coatings. You can choose between polished, gold-plated, silver-plated, rhodium-plated or black rhodium plated.<\/p>\n<p>[\/et_pb_blurb][et_pb_text _builder_version=&#8221;4.16&#8243; width=&#8221;88.1%&#8221; custom_padding=&#8221;|||71px||&#8221; global_colors_info=&#8221;{}&#8221;]<\/p>\n<p style=\"text-align: center;\">We would be pleased to hear from you and prepare an offer for you &#8211; <a href=\"https:\/\/ketten-kappler.de\/en\/contact\/\">please contact us<\/a>.<\/p>\n<p>[\/et_pb_text][\/et_pb_column][et_pb_column type=&#8221;1_5&#8243; _builder_version=&#8221;4.16&#8243; global_colors_info=&#8221;{}&#8221;][\/et_pb_column][\/et_pb_row][\/et_pb_section][et_pb_section fb_built=&#8221;1&#8243; _builder_version=&#8221;4.16&#8243; global_colors_info=&#8221;{}&#8221;][et_pb_row _builder_version=&#8221;4.16&#8243; global_colors_info=&#8221;{}&#8221;][et_pb_column type=&#8221;4_4&#8243; _builder_version=&#8221;4.16&#8243; global_colors_info=&#8221;{}&#8221;][et_pb_gallery gallery_ids=&#8221;371,370,369,368,367,535&#8243; posts_number=&#8221;6&#8243; db_images_per_row=&#8221;3&#8243; dbdb_version=&#8221;4.3.6&#8243; show_title_and_caption=&#8221;off&#8221; show_pagination=&#8221;off&#8221; admin_label=&#8221;galerie&#8221; _builder_version=&#8221;4.16&#8243; custom_css_gallery_item=&#8221;padding: 3px;&#8221; global_colors_info=&#8221;{}&#8221;][\/et_pb_gallery][\/et_pb_column][\/et_pb_row][\/et_pb_section][et_pb_section fb_built=&#8221;1&#8243; prev_background_color=&#8221;#ffffff&#8221; _builder_version=&#8221;4.16&#8243; background_color=&#8221;#185193&#8243; custom_padding=&#8221;||54px|||&#8221; top_divider_style=&#8221;arrow3&#8243; locked=&#8221;off&#8221; global_colors_info=&#8221;{}&#8221;][et_pb_row column_structure=&#8221;1_5,3_5,1_5&#8243; _builder_version=&#8221;4.16&#8243; global_colors_info=&#8221;{}&#8221;][et_pb_column type=&#8221;1_5&#8243; _builder_version=&#8221;4.16&#8243; global_colors_info=&#8221;{}&#8221;][\/et_pb_column][et_pb_column type=&#8221;3_5&#8243; _builder_version=&#8221;4.16&#8243; global_colors_info=&#8221;{}&#8221;][et_pb_text _builder_version=&#8221;4.16&#8243; header_line_height=&#8221;1.4em&#8221; background_layout=&#8221;dark&#8221; custom_padding=&#8221;35px|||||&#8221; global_colors_info=&#8221;{}&#8221;]<\/p>\n<h1 style=\"text-align: center;\">Contact<\/h1>\n<h4 style=\"text-align: center;\">Do you have a question or would you like a quote?<\/h4>\n<h4 style=\"text-align: center;\">Just get in contact with us.<\/h4>\n<p>[\/et_pb_text][et_pb_button button_url=&#8221;https:\/\/ketten-kappler.de\/en\/contact\/&#8221; button_text=&#8221;To the contact page&#8221; button_alignment=&#8221;center&#8221; _builder_version=&#8221;4.16&#8243; custom_button=&#8221;on&#8221; button_text_size=&#8221;17px&#8221; background_layout=&#8221;dark&#8221; global_colors_info=&#8221;{}&#8221;][\/et_pb_button][\/et_pb_column][et_pb_column type=&#8221;1_5&#8243; _builder_version=&#8221;4.16&#8243; global_colors_info=&#8221;{}&#8221;][\/et_pb_column][\/et_pb_row][\/et_pb_section]<\/p>\n","protected":false},"excerpt":{"rendered":"<p>Production at HK ChainsHigh quality and fastest possible delivery &#8211; so that our customers can rely on it, we produce our chains mainly in our headquarters in Idar-Oberstein Germany. This gives them flexibility and supports them in their creativity. In our production we combine our decades of experience with modern technologies and the know-how of [&hellip;]<\/p>\n","protected":false},"author":1,"featured_media":0,"parent":0,"menu_order":30,"comment_status":"closed","ping_status":"closed","template":"","meta":{"_et_pb_use_builder":"on","_et_pb_old_content":"<p>Um unseren Kunden h\u00f6chstm\u00f6gliche Qualit\u00e4t und kurzfristige Lieferung bieten zu k\u00f6nnen, fertigen wir unsere Ketten \u00fcberwiegend in unserem Stammhaus in Pforzheim. Durch unsere dadurch entstehende Flexibilit\u00e4t haben wir Kunden in den verschiedensten Bereichen, denen wir viele unterschiedliche Fertigungsl\u00f6sungen anbieten k\u00f6nnen. S\u00e4mtliche Ketten sind als Meterware, Collierketten, Armb\u00e4nder, Fu\u00dfketten, Uhrketten, ID-Armb\u00e4nder und auch nach eigenen Entw\u00fcrfen lieferbar.<br \/>Durch ein gro\u00dfes Angebot an unterschiedlichsten Metallen, Gold, Silber, Am.-Doubl\u00e9 und Tombak k\u00f6nnen wir spezielle Angebote unterbreiten.<br \/>Ebenso sind wir in der Lage unseren Kunden unterschiedliche galvanische Beschichtungen anzubieten.<\/p><p><img class=\"alignnone wp-image-63\" src=\"https:\/\/ketten-kappler.de\/wp-content\/uploads\/2014\/07\/I33D5465-224x300.jpg\" alt=\"I33D5465\" width=\"167\" height=\"224\" \/> <img class=\"alignnone wp-image-64 size-medium\" src=\"https:\/\/ketten-kappler.de\/wp-content\/uploads\/2014\/07\/I33D5464-300x224.jpg\" alt=\"I33D5464\" width=\"300\" height=\"224\" \/> <img class=\"alignnone wp-image-65 size-medium\" src=\"https:\/\/ketten-kappler.de\/wp-content\/uploads\/2014\/07\/I33D5463-300x224.jpg\" alt=\"I33D5463\" width=\"300\" height=\"224\" \/> <img class=\"alignnone wp-image-66 size-medium\" src=\"https:\/\/ketten-kappler.de\/wp-content\/uploads\/2014\/07\/I33D5462-300x224.jpg\" alt=\"I33D5462\" width=\"300\" height=\"224\" \/> <img class=\"alignnone wp-image-67 size-medium\" src=\"https:\/\/ketten-kappler.de\/wp-content\/uploads\/2014\/07\/I33D5461-300x224.jpg\" alt=\"I33D5461\" width=\"300\" height=\"224\" \/> <img class=\"alignnone wp-image-68 size-medium\" src=\"https:\/\/ketten-kappler.de\/wp-content\/uploads\/2014\/07\/I33D545E-300x224.jpg\" alt=\"I33D545E\" width=\"300\" height=\"224\" \/><\/p>","_et_gb_content_width":"","footnotes":""},"class_list":["post-823","page","type-page","status-publish","hentry"],"aioseo_notices":[],"_links":{"self":[{"href":"https:\/\/ketten-kappler.de\/en\/wp-json\/wp\/v2\/pages\/823","targetHints":{"allow":["GET"]}}],"collection":[{"href":"https:\/\/ketten-kappler.de\/en\/wp-json\/wp\/v2\/pages"}],"about":[{"href":"https:\/\/ketten-kappler.de\/en\/wp-json\/wp\/v2\/types\/page"}],"author":[{"embeddable":true,"href":"https:\/\/ketten-kappler.de\/en\/wp-json\/wp\/v2\/users\/1"}],"replies":[{"embeddable":true,"href":"https:\/\/ketten-kappler.de\/en\/wp-json\/wp\/v2\/comments?post=823"}],"version-history":[{"count":1,"href":"https:\/\/ketten-kappler.de\/en\/wp-json\/wp\/v2\/pages\/823\/revisions"}],"predecessor-version":[{"id":995,"href":"https:\/\/ketten-kappler.de\/en\/wp-json\/wp\/v2\/pages\/823\/revisions\/995"}],"wp:attachment":[{"href":"https:\/\/ketten-kappler.de\/en\/wp-json\/wp\/v2\/media?parent=823"}],"curies":[{"name":"wp","href":"https:\/\/api.w.org\/{rel}","templated":true}]}}